{"id":1874,"date":"2020-12-24T02:11:50","date_gmt":"2020-12-24T02:11:50","guid":{"rendered":"https:\/\/trulitehardware.com\/?page_id=1874"},"modified":"2021-04-28T16:40:42","modified_gmt":"2021-04-28T16:40:42","slug":"contact","status":"publish","type":"page","link":"https:\/\/trulitehardware.com\/index.php\/contact\/?lang=fr","title":{"rendered":"Nous Joindre"},"content":{"rendered":"[vc_row center_row=\u00a0\u00bbyes\u00a0\u00bb padding_top=\u00a0\u00bb25px\u00a0\u00bb padding_bottom=\u00a0\u00bb45px\u00a0\u00bb][vc_column height=\u00a0\u00bbauto\u00a0\u00bb mobile_height=\u00a0\u00bbmhdesktop\u00a0\u00bb][vc_column_text drop_cap=\u00a0\u00bb\u00a0\u00bb mobile_align=\u00a0\u00bbauto\u00a0\u00bb font_size=\u00a0\u00bb24px\u00a0\u00bb]\n<h5 style=\"text-align: center;\">Jonathan Guerin<br \/>\n<strong><a href=\"mailto:jguerin@trulite.com\">jguerin@trulite.com<\/a><\/strong><br \/>\n<strong>514-827-6125<\/strong><\/h5>\n<p style=\"text-align: center;\">740 de la Sabli\u00e8re,<br \/>\nBois-des-Filion,<br \/>\nQC, Canada,<br \/>\nJ6Z 4T7<\/p>\n<p style=\"text-align: center;\">N&rsquo;h\u00e9sitez pas \u00e0 remplir le formulaire de contact ci-dessous.<\/p>\n[\/vc_column_text]<div class=\"vcex-module vcex-divider vcex-divider-solid wpex-max-w-100 wpex-mx-auto vcex-divider-has-icon wpex-flex wpex-items-center\" style=\"width:100%;margin-top:45px;margin-bottom:45px;\"><div class=\"vcex-divider-border wpex-flex-grow wpex-border-b wpex-border-solid wpex-border-gray-200\" style=\"border-bottom-width:1px;\"><\/div><span class=\"vcex-divider-icon-span wpex-box-content wpex-inline-block wpex-text-center wpex-text-gray wpex-text-lg wpex-py-10 wpex-px-20\" style=\"font-size:20px;color:#dddddd;\"><span class=\"ticon ticon-envelope\" aria-hidden=\"true\"><\/span><\/span><div class=\"vcex-divider-border wpex-flex-grow wpex-border-b wpex-border-solid wpex-border-gray-200\" style=\"border-bottom-width:1px;\"><\/div><\/div><div class=\"vcex-module vcex-form-shortcode wpex-form wpex-m-auto wpex-max-w-100 wpex-form-modern\" style=\"width:800px;\"><div role=\"form\" class=\"wpcf7\" id=\"wpcf7-f1909-o1\" lang=\"en-US\" dir=\"ltr\">\n<div class=\"screen-reader-response\"><p role=\"status\" aria-live=\"polite\" aria-atomic=\"true\"><\/p> <ul><\/ul><\/div>\n<form action=\"\/index.php\/wp-json\/wp\/v2\/pages\/1874\/?lang=fr#wpcf7-f1909-o1\" method=\"post\" class=\"wpcf7-form init\" novalidate=\"novalidate\" data-status=\"init\">\n<div style=\"display: none;\">\n<input type=\"hidden\" name=\"_wpcf7\" value=\"1909\" \/>\n<input type=\"hidden\" name=\"_wpcf7_version\" value=\"5.4\" \/>\n<input type=\"hidden\" name=\"_wpcf7_locale\" value=\"en_US\" \/>\n<input type=\"hidden\" name=\"_wpcf7_unit_tag\" value=\"wpcf7-f1909-o1\" \/>\n<input type=\"hidden\" name=\"_wpcf7_container_post\" value=\"0\" \/>\n<input type=\"hidden\" name=\"_wpcf7_posted_data_hash\" value=\"\" \/>\n<\/div>\n<p class=\"one-half first\"><span class=\"wpcf7-form-control-wrap your-name\"><input type=\"text\" name=\"your-name\" value=\"\" size=\"40\" class=\"wpcf7-form-control wpcf7-text wpcf7-validates-as-required\" aria-required=\"true\" aria-invalid=\"false\" placeholder=\"votre nom\" \/><\/span><\/p>\n<p class=\"one-half\"><span class=\"wpcf7-form-control-wrap your-email\"><input type=\"email\" name=\"your-email\" value=\"\" size=\"40\" class=\"wpcf7-form-control wpcf7-text wpcf7-email wpcf7-validates-as-required wpcf7-validates-as-email\" aria-required=\"true\" aria-invalid=\"false\" placeholder=\"votre courrier \u00e9lectronique\" \/><\/span><\/p>\n<p><span class=\"wpcf7-form-control-wrap your-message\"><textarea name=\"your-message\" cols=\"40\" rows=\"10\" class=\"wpcf7-form-control wpcf7-textarea wpcf7-validates-as-required\" aria-required=\"true\" aria-invalid=\"false\" placeholder=\"votre message...\"><\/textarea><\/span> <\/p>\n<p><input type=\"submit\" value=\"Soumettre\" class=\"wpcf7-form-control wpcf7-submit\" \/><\/p>\n<div class=\"wpcf7-response-output\" aria-hidden=\"true\"><\/div><\/form><\/div><\/div>[\/vc_column][\/vc_row]\n","protected":false},"excerpt":{"rendered":"<p>[vc_row center_row=\u00a0\u00bbyes\u00a0\u00bb padding_top=\u00a0\u00bb25px\u00a0\u00bb padding_bottom=\u00a0\u00bb45px\u00a0\u00bb][vc_column height=\u00a0\u00bbauto\u00a0\u00bb mobile_height=\u00a0\u00bbmhdesktop\u00a0\u00bb][vc_column_text drop_cap=\u00a0\u00bb\u00a0\u00bb mobile_align=\u00a0\u00bbauto\u00a0\u00bb font_size=\u00a0\u00bb24px\u00a0\u00bb] Jonathan Guerin jguerin@trulite.com 514-827-6125 740 de la Sabli\u00e8re, Bois-des-Filion, QC, Canada, J6Z 4T7 N&rsquo;h\u00e9sitez pas \u00e0 remplir le formulaire de contact ci-dessous. [\/vc_column_text][\/vc_column][\/vc_row]<\/p>\n","protected":false},"author":2,"featured_media":0,"parent":0,"menu_order":0,"comment_status":"closed","ping_status":"closed","template":"","meta":{"_monsterinsights_skip_tracking":false,"_monsterinsights_sitenote_active":false,"_monsterinsights_sitenote_note":"","_monsterinsights_sitenote_category":0},"_links":{"self":[{"href":"https:\/\/trulitehardware.com\/index.php\/wp-json\/wp\/v2\/pages\/1874\/?lang=fr"}],"collection":[{"href":"https:\/\/trulitehardware.com\/index.php\/wp-json\/wp\/v2\/pages\/?lang=fr"}],"about":[{"href":"https:\/\/trulitehardware.com\/index.php\/wp-json\/wp\/v2\/types\/page\/?lang=fr"}],"author":[{"embeddable":true,"href":"https:\/\/trulitehardware.com\/index.php\/wp-json\/wp\/v2\/users\/2\/?lang=fr"}],"replies":[{"embeddable":true,"href":"https:\/\/trulitehardware.com\/index.php\/wp-json\/wp\/v2\/comments\/?lang=fr&post=1874"}],"version-history":[{"count":5,"href":"https:\/\/trulitehardware.com\/index.php\/wp-json\/wp\/v2\/pages\/1874\/revisions\/?lang=fr"}],"predecessor-version":[{"id":1997,"href":"https:\/\/trulitehardware.com\/index.php\/wp-json\/wp\/v2\/pages\/1874\/revisions\/1997\/?lang=fr"}],"wp:attachment":[{"href":"https:\/\/trulitehardware.com\/index.php\/wp-json\/wp\/v2\/media\/?lang=fr&parent=1874"}],"curies":[{"name":"wp","href":"https:\/\/api.w.org\/{rel}","templated":true}]}}