{"id":1862,"date":"2020-12-24T02:01:25","date_gmt":"2020-12-24T02:01:25","guid":{"rendered":"https:\/\/trulitehardware.com\/?page_id=1862"},"modified":"2021-03-16T19:04:23","modified_gmt":"2021-03-16T19:04:23","slug":"materiel","status":"publish","type":"page","link":"https:\/\/trulitehardware.com\/index.php\/materiel\/?lang=fr","title":{"rendered":"Mat\u00e9riel"},"content":{"rendered":"[vc_row full_width=\u00a0\u00bbstretch_row_content_no_spaces\u00a0\u00bb css=\u00a0\u00bb.vc_custom_1605048182340{padding-top: 40px !important;background-color: #f1f1f4 !important;}\u00a0\u00bb][vc_column height=\u00a0\u00bbauto\u00a0\u00bb mobile_height=\u00a0\u00bbmhdesktop\u00a0\u00bb][vc_column_text width=\u00a0\u00bb940px\u00a0\u00bb drop_cap=\u00a0\u00bb\u00a0\u00bb mobile_align=\u00a0\u00bbauto\u00a0\u00bb align=\u00a0\u00bbcenter\u00a0\u00bb]\n<h3 style=\"text-align: center;\"><strong>Id\u00e9al pour relooker la salle de bain \u00e0<br \/>\npetit budget avec une touche de luxe !<\/strong><\/h3>\n<p>Hydro-R\u00e9volution, un projet n\u00e9 du d\u00e9sir d\u2019offrir une douche de haute qualit\u00e9, avec un rendement<br \/>\nqui d\u00e9passe les standards de toute comp\u00e9tition. Il n\u2019y a aucune limite quant aux configurations possibles. Que ce soit pour une douche, une division de bureau, une garde-robe, tout est possible! N\u2019h\u00e9sitez pas \u00e0 communiquer avec nos experts pour vos projets, il nous fera plaisir de vous guider tant lors d\u2019un projet simple que pour vos projets plus complexes et sp\u00e9ciaux.<\/p>\n<p>&nbsp;<\/p>\n<h1 class=\"x-el x-el-h2 c1-54 c1-2l c1-1h c1-1i c1-5r c1-26 c1-25 c1-11 c1-v c1-4a c1-3k c1-b c1-2p c1-1q c1-2q\" style=\"text-align: center;\" role=\"heading\" aria-level=\"2\" data-ux=\"SectionHeading\" data-aid=\"CONTENT_SECTION_TITLE_RENDERED\" data-route=\"sectionTitle\" data-typography=\"HeadingBeta\" data-field-path=\"properties.sectionTitle\" data-field-kind=\"Text\"><\/h1>\n[\/vc_column_text][\/vc_column][\/vc_row][vc_row full_width=\u00a0\u00bbstretch_row\u00a0\u00bb content_placement=\u00a0\u00bbbottom\u00a0\u00bb css=\u00a0\u00bb.vc_custom_1605048456528{padding-top: 40px !important;background-color: #f1f1f4 !important;}\u00a0\u00bb][vc_column height=\u00a0\u00bbauto\u00a0\u00bb mobile_height=\u00a0\u00bbmhdesktop\u00a0\u00bb][vc_column_text drop_cap=\u00a0\u00bb\u00a0\u00bb mobile_align=\u00a0\u00bbauto\u00a0\u00bb]\n<h1 style=\"text-align: center;\"><span style=\"color: #3366ff;\"><strong>Arriver bient\u00f4t<\/strong><\/span><\/h1>\n[\/vc_column_text][\/vc_column][\/vc_row]\n","protected":false},"excerpt":{"rendered":"<p>[vc_row full_width=\u00a0\u00bbstretch_row_content_no_spaces\u00a0\u00bb css=\u00a0\u00bb.vc_custom_1605048182340{padding-top: 40px !important;background-color: #f1f1f4 !important;}\u00a0\u00bb][vc_column height=\u00a0\u00bbauto\u00a0\u00bb mobile_height=\u00a0\u00bbmhdesktop\u00a0\u00bb][vc_column_text width=\u00a0\u00bb940px\u00a0\u00bb drop_cap=\u00a0\u00bb\u00a0\u00bb mobile_align=\u00a0\u00bbauto\u00a0\u00bb align=\u00a0\u00bbcenter\u00a0\u00bb] Id\u00e9al pour relooker la salle de bain \u00e0 petit budget avec une touche de luxe ! Hydro-R\u00e9volution, un projet n\u00e9 du d\u00e9sir d\u2019offrir une douche de haute&hellip;<\/p>\n","protected":false},"author":2,"featured_media":0,"parent":0,"menu_order":0,"comment_status":"closed","ping_status":"closed","template":"","meta":{"_monsterinsights_skip_tracking":false,"_monsterinsights_sitenote_active":false,"_monsterinsights_sitenote_note":"","_monsterinsights_sitenote_category":0},"_links":{"self":[{"href":"https:\/\/trulitehardware.com\/index.php\/wp-json\/wp\/v2\/pages\/1862\/?lang=fr"}],"collection":[{"href":"https:\/\/trulitehardware.com\/index.php\/wp-json\/wp\/v2\/pages\/?lang=fr"}],"about":[{"href":"https:\/\/trulitehardware.com\/index.php\/wp-json\/wp\/v2\/types\/page\/?lang=fr"}],"author":[{"embeddable":true,"href":"https:\/\/trulitehardware.com\/index.php\/wp-json\/wp\/v2\/users\/2\/?lang=fr"}],"replies":[{"embeddable":true,"href":"https:\/\/trulitehardware.com\/index.php\/wp-json\/wp\/v2\/comments\/?lang=fr&post=1862"}],"version-history":[{"count":10,"href":"https:\/\/trulitehardware.com\/index.php\/wp-json\/wp\/v2\/pages\/1862\/revisions\/?lang=fr"}],"predecessor-version":[{"id":1991,"href":"https:\/\/trulitehardware.com\/index.php\/wp-json\/wp\/v2\/pages\/1862\/revisions\/1991\/?lang=fr"}],"wp:attachment":[{"href":"https:\/\/trulitehardware.com\/index.php\/wp-json\/wp\/v2\/media\/?lang=fr&parent=1862"}],"curies":[{"name":"wp","href":"https:\/\/api.w.org\/{rel}","templated":true}]}}