{"id":1841,"date":"2020-12-24T01:45:28","date_gmt":"2020-12-24T01:45:28","guid":{"rendered":"https:\/\/trulitehardware.com\/?page_id=1841"},"modified":"2021-03-16T18:57:29","modified_gmt":"2021-03-16T18:57:29","slug":"la-gamme-hydro-revolution","status":"publish","type":"page","link":"https:\/\/trulitehardware.com\/index.php\/la-gamme-hydro-revolution\/?lang=fr","title":{"rendered":"La gamme hydro-r\u00e9volution"},"content":{"rendered":"[vc_row full_width=\u00a0\u00bbstretch_row_content_no_spaces\u00a0\u00bb css=\u00a0\u00bb.vc_custom_1610486351965{padding-top: 40px !important;background-color: #fffcfc !important;}\u00a0\u00bb][vc_column height=\u00a0\u00bbauto\u00a0\u00bb mobile_height=\u00a0\u00bbmhdesktop\u00a0\u00bb][vc_column_text width=\u00a0\u00bb940px\u00a0\u00bb drop_cap=\u00a0\u00bb\u00a0\u00bb mobile_align=\u00a0\u00bbauto\u00a0\u00bb align=\u00a0\u00bbcenter\u00a0\u00bb]\n<h1 style=\"text-align: center;\"><span style=\"color: #3366ff;\">Le verre en mouvement<\/span><\/h1>\n<p style=\"text-align: center;\"><span style=\"font-size: 21px;\">Int\u00e9grer l\u2019allure intemporelle des panneaux de verre \u00e0 votre d\u00e9cor n\u2019aura jamais \u00e9t\u00e9 aussi simple. Gr\u00e2ce \u00e0 des rails de qualit\u00e9 sup\u00e9rieure au roulement pr\u00e9cis et ultra silencieux, le<br \/>\nsyst\u00e8me Hydro-R\u00e9volution r\u00e9invente l\u2019utilisation de la vitre pour la douche, le bain, la garde-robe, le walk-in et comme cloison \u00e0 la maison ou au bureau. Le syst\u00e8me Hydro-R\u00e9volution offre des rails de qualit\u00e9 sup\u00e9rieure au roulement pr\u00e9cis et ultra silencieux. D\u2019une composition presque enti\u00e8rement en verre, il permet un agencement harmonieux aux vitres, pour un effet de<br \/>\ntransparence raffin\u00e9 et in\u00e9gal\u00e9. Le syst\u00e8me est offert dans toutes les dimensions standards. Il peut \u00e9galement \u00eatre command\u00e9 sur mesure selon le design et les dimensions recherch\u00e9es.<\/span><\/p>\n<p>&nbsp;<\/p>\n[\/vc_column_text][vc_column_text width=\u00a0\u00bb940px\u00a0\u00bb drop_cap=\u00a0\u00bb\u00a0\u00bb mobile_align=\u00a0\u00bbauto\u00a0\u00bb align=\u00a0\u00bbcenter\u00a0\u00bb css=\u00a0\u00bb.vc_custom_1610486542926{padding-top: 50px !important;}\u00a0\u00bb]\n<ul style=\"text-align: left;\">\n<li>Con\u00e7u pour supporter des portes de verre tremp\u00e9 de a po (10mm) \u00e0 w po (19 mm) et d\u2019une charge maximale de 250 livres<\/li>\n<li>Roulettes et support en laiton, rail en aluminium plein, chrome ou nickel bross\u00e9<\/li>\n<li>Plusieurs finis et textures de verres offertes<\/li>\n<li>Peut \u00e9galement s\u2019utiliser avec des portes de bois<\/li>\n<li>Syst\u00e8me de roulement brevet\u00e9<\/li>\n<li>Facile et rapide d\u2019installation<\/li>\n<\/ul>\n<p>&nbsp;<\/p>\n<p>&nbsp;<\/p>\n[\/vc_column_text][vc_single_image image=\u00a0\u00bb1830&Prime;][vc_column_text drop_cap=\u00a0\u00bb\u00a0\u00bb mobile_align=\u00a0\u00bbauto\u00a0\u00bb]\n<h1 style=\"text-align: center;\">finitions<\/h1>\n[\/vc_column_text][vc_single_image image=\u00a0\u00bb1940&Prime; alignment=\u00a0\u00bbcenter\u00a0\u00bb][\/vc_column][\/vc_row][vc_row center_row=\u00a0\u00bbyes\u00a0\u00bb el_id=\u00a0\u00bbflat-services\u00a0\u00bb css=\u00a0\u00bb.vc_custom_1605048147478{padding-top: 0px !important;padding-bottom: 20px !important;}\u00a0\u00bb][vc_column height=\u00a0\u00bbauto\u00a0\u00bb mobile_height=\u00a0\u00bbmhdesktop\u00a0\u00bb width=\u00a0\u00bb1\/3&Prime;]<div class=\"vcex-module vcex-icon-box vcex-icon-box-two wpex-relative wpex-text-center\"><div class=\"vcex-icon-box-symbol wpex-mb-20\"><img loading=\"lazy\" class=\"vcex-icon-box-image wpex-align-middle\" src=\"https:\/\/trulitehardware.com\/wp-content\/uploads\/2020\/11\/tru2019-01_brochure_ss_roulette_final_011-1-scaled.jpg\" alt=\"\" width=\"2560\" height=\"2560\" \/><\/div><div class=\"vcex-icon-box-text\"><h2 class=\"vcex-icon-box-heading wpex-heading wpex-text-md wpex-mb-10\">Roulette<\/h2><div class=\"vcex-icon-box-content wpex-last-mb-0 wpex-clr\"><p>Le roulement \u00e0 lui seul a \u00e9t\u00e9 test\u00e9 50.000 fois ouverture et fermeture sur une p\u00e9riode de 1 mois sans qu\u2019il ne soit affect\u00e9. Ceci est l\u2019\u00e9quivalent de prendre sa douche une fois par jour pendant 25 ans!. Test\u00e9 en laboratoire par des ing\u00e9nieurs ind\u00e9pendants et membres du groupe CLEB1.<\/p>\n<\/div><\/div><\/div>[\/vc_column][vc_column height=\u00a0\u00bbauto\u00a0\u00bb mobile_height=\u00a0\u00bbmhdesktop\u00a0\u00bb width=\u00a0\u00bb1\/3&Prime;]<div class=\"vcex-module vcex-icon-box vcex-icon-box-two wpex-relative wpex-text-center\"><div class=\"vcex-icon-box-symbol wpex-mb-20\"><img loading=\"lazy\" class=\"vcex-icon-box-image wpex-align-middle\" src=\"https:\/\/trulitehardware.com\/wp-content\/uploads\/2021\/03\/tru2019-01_brochure_ss_l-patch_fitting_final_0-scaled-1.jpg\" alt=\"\" width=\"2560\" height=\"2560\" \/><\/div><div class=\"vcex-icon-box-text\"><h2 class=\"vcex-icon-box-heading wpex-heading wpex-text-md wpex-mb-10\">Support Mural<\/h2><div class=\"vcex-icon-box-content wpex-last-mb-0 wpex-clr\"><p>invent\u00e9 et brevet\u00e9 au Qu\u00e9bec ce support mural est le plus versatile sur le march\u00e9. Il est possible de faire 3 types d\u2019installations (mur \u00e0 mur, mur a verre et verre a verre<\/p>\n<\/div><\/div><\/div>[\/vc_column][vc_column height=\u00a0\u00bbauto\u00a0\u00bb mobile_height=\u00a0\u00bbmhdesktop\u00a0\u00bb width=\u00a0\u00bb1\/3&Prime;]<div class=\"vcex-module vcex-icon-box vcex-icon-box-two wpex-relative wpex-text-center\"><div class=\"vcex-icon-box-symbol wpex-mb-20\"><img loading=\"lazy\" class=\"vcex-icon-box-image wpex-align-middle\" src=\"https:\/\/trulitehardware.com\/wp-content\/uploads\/2020\/11\/tru2019-01_brochure_ss_stopper_final_01-1-scaled.jpg\" alt=\"\" width=\"2560\" height=\"2560\" \/><\/div><div class=\"vcex-icon-box-text\"><h2 class=\"vcex-icon-box-heading wpex-heading wpex-text-md wpex-mb-10\">Arr\u00eat<\/h2><div class=\"vcex-icon-box-content wpex-last-mb-0 wpex-clr\"><p>s\u2019assure d\u2019arr\u00eater la porte silencieusement.<\/p>\n<\/div><\/div><\/div>[\/vc_column][\/vc_row][vc_row center_row=\u00a0\u00bbyes\u00a0\u00bb el_id=\u00a0\u00bbflat-services\u00a0\u00bb css=\u00a0\u00bb.vc_custom_1605048271229{padding-top: 0px !important;padding-bottom: 20px !important;}\u00a0\u00bb][vc_column height=\u00a0\u00bbauto\u00a0\u00bb mobile_height=\u00a0\u00bbmhdesktop\u00a0\u00bb width=\u00a0\u00bb1\/3&Prime;]<div class=\"vcex-module vcex-icon-box vcex-icon-box-two wpex-relative wpex-text-center\"><div class=\"vcex-icon-box-symbol wpex-mb-20\"><img loading=\"lazy\" class=\"vcex-icon-box-image wpex-align-middle\" src=\"https:\/\/trulitehardware.com\/wp-content\/uploads\/2020\/11\/tru2019-01_brochure_ss_patch-rond_final_01-scaled.jpg\" alt=\"\" width=\"2560\" height=\"2560\" \/><\/div><div class=\"vcex-icon-box-text\"><h2 class=\"vcex-icon-box-heading wpex-heading wpex-text-md wpex-mb-10\">Support Rond<\/h2><div class=\"vcex-icon-box-content wpex-last-mb-0 wpex-clr\"><p>sert \u00e0 faire tenir le verre de c\u00f4t\u00e9 avec les barres. Il est de la m\u00eame dimension que les roulettes pour uniformiser l\u2019apparence.<\/p>\n<\/div><\/div><\/div>[\/vc_column][vc_column height=\u00a0\u00bbauto\u00a0\u00bb mobile_height=\u00a0\u00bbmhdesktop\u00a0\u00bb width=\u00a0\u00bb1\/3&Prime;]<div class=\"vcex-module vcex-icon-box vcex-icon-box-two wpex-relative wpex-text-center\"><div class=\"vcex-icon-box-symbol wpex-mb-20\"><img loading=\"lazy\" class=\"vcex-icon-box-image wpex-align-middle\" src=\"https:\/\/trulitehardware.com\/wp-content\/uploads\/2020\/11\/tru2019-01_brochure_ss_crochet_final_01-scaled.jpg\" alt=\"\" width=\"2560\" height=\"2560\" \/><\/div><div class=\"vcex-icon-box-text\"><h2 class=\"vcex-icon-box-heading wpex-heading wpex-text-md wpex-mb-10\">Crochet<\/h2><div class=\"vcex-icon-box-content wpex-last-mb-0 wpex-clr\"><p>utiliser au besoin pour solidifier les barres.<\/p>\n<\/div><\/div><\/div>[\/vc_column][vc_column height=\u00a0\u00bbauto\u00a0\u00bb mobile_height=\u00a0\u00bbmhdesktop\u00a0\u00bb width=\u00a0\u00bb1\/3&Prime;]<div class=\"vcex-module vcex-icon-box vcex-icon-box-two wpex-relative wpex-text-center\"><div class=\"vcex-icon-box-symbol wpex-mb-20\"><img loading=\"lazy\" class=\"vcex-icon-box-image wpex-align-middle\" src=\"https:\/\/trulitehardware.com\/wp-content\/uploads\/2020\/11\/tru2019-01_brochure_ss_guide_final_01-scaled.jpg\" alt=\"\" width=\"2560\" height=\"2560\" \/><\/div><div class=\"vcex-icon-box-text\"><h2 class=\"vcex-icon-box-heading wpex-heading wpex-text-md wpex-mb-10\">Guide<\/h2><div class=\"vcex-icon-box-content wpex-last-mb-0 wpex-clr\"><p>discret et efficace, le guide s\u2019assure de garder la porte droite.<\/p>\n<\/div><\/div><\/div>[\/vc_column][\/vc_row][vc_row full_width=\u00a0\u00bbstretch_row\u00a0\u00bb content_placement=\u00a0\u00bbbottom\u00a0\u00bb css=\u00a0\u00bb.vc_custom_1605048456528{padding-top: 40px !important;background-color: #f1f1f4 !important;}\u00a0\u00bb][vc_column height=\u00a0\u00bbauto\u00a0\u00bb mobile_height=\u00a0\u00bbmhdesktop\u00a0\u00bb]<div class=\"textcenter theme-button-wrap wpex-clr\"><a href=\"https:\/\/trulitehardware.com\/wp-content\/uploads\/2020\/12\/Trulite_Cat-FR-EN.pdf\" class=\"vcex-button theme-button flat blue align-center inline\"><span class=\"theme-button-inner\">Regarder notre Brochure<\/span><\/a><\/div> [\/vc_column][\/vc_row][vc_row full_width=\u00a0\u00bbstretch_row\u00a0\u00bb content_placement=\u00a0\u00bbbottom\u00a0\u00bb css=\u00a0\u00bb.vc_custom_1605048465512{padding-top: 0px !important;background-color: #f1f1f4 !important;}\u00a0\u00bb][vc_column height=\u00a0\u00bbauto\u00a0\u00bb mobile_height=\u00a0\u00bbmhdesktop\u00a0\u00bb width=\u00a0\u00bb1\/2&Prime;][vc_column_text drop_cap=\u00a0\u00bb\u00a0\u00bb mobile_align=\u00a0\u00bbauto\u00a0\u00bb]\n<h2 class=\"x-el x-el-h2 c1-54 c1-2l c1-1h c1-1i c1-5r c1-26 c1-25 c1-11 c1-v c1-4a c1-3k c1-b c1-2p c1-1q c1-2q\" style=\"text-align: center;\" role=\"heading\" aria-level=\"2\" data-ux=\"SectionHeading\" data-aid=\"CONTENT_SECTION_TITLE_RENDERED\" data-route=\"sectionTitle\" data-typography=\"HeadingBeta\" data-field-path=\"properties.sectionTitle\" data-field-kind=\"Text\"><span class=\"\" data-ux=\"Element\">Configurations<\/span><\/h2>\n[\/vc_column_text][vc_single_image image=\u00a0\u00bb1617&Prime;]<div class=\"theme-button-expanded-wrap theme-button-wrap wpex-clr\"><a href=\"https:\/\/trulitehardware.com\/index.php\/revolution-pdfs\/?lang=fr\" title=\"Learn More\" class=\"vcex-button theme-button flat blue align-left expanded expanded\" target=\"_blank\" style=\"font-size:16px;font-weight:400;\" rel=\"none noopener noreferrer\" data-wpex-hover='{&quot;background&quot;:&quot;#252d3b&quot;}'><span class=\"theme-button-inner\">Consultez nos diff\u00e9rentes configurations<\/span><\/a><\/div> [\/vc_column][vc_column height=\u00a0\u00bbauto\u00a0\u00bb mobile_height=\u00a0\u00bbmhdesktop\u00a0\u00bb width=\u00a0\u00bb1\/2&Prime;][vc_column_text drop_cap=\u00a0\u00bb\u00a0\u00bb mobile_align=\u00a0\u00bbauto\u00a0\u00bb]\n<h2 class=\"x-el x-el-h2 c1-54 c1-2l c1-1h c1-1i c1-5r c1-26 c1-25 c1-11 c1-v c1-4a c1-3k c1-b c1-2p c1-1q c1-2q\" style=\"text-align: center;\" role=\"heading\" aria-level=\"2\" data-ux=\"SectionHeading\" data-aid=\"CONTENT_SECTION_TITLE_RENDERED\" data-route=\"sectionTitle\" data-typography=\"HeadingBeta\" data-field-path=\"properties.sectionTitle\" data-field-kind=\"Text\"><span class=\"\" data-ux=\"Element\">Installation<\/span><\/h2>\n[\/vc_column_text][vc_single_image image=\u00a0\u00bb1704&Prime;]<div class=\"theme-button-expanded-wrap theme-button-wrap wpex-clr\"><a href=\"https:\/\/trulitehardware.com\/wp-content\/uploads\/2020\/11\/Installation-Guide.pdf\" title=\"Learn More\" class=\"vcex-button theme-button flat blue align-left expanded expanded\" target=\"_blank\" style=\"font-size:16px;font-weight:400;\" rel=\"none noopener noreferrer\" data-wpex-hover='{&quot;background&quot;:&quot;#252d3b&quot;}'><span class=\"theme-button-inner\">Consultez notre guide d&rsquo;installation<\/span><\/a><\/div> [\/vc_column][\/vc_row]\n","protected":false},"excerpt":{"rendered":"<p>[vc_row full_width=\u00a0\u00bbstretch_row_content_no_spaces\u00a0\u00bb css=\u00a0\u00bb.vc_custom_1610486351965{padding-top: 40px !important;background-color: #fffcfc !important;}\u00a0\u00bb][vc_column height=\u00a0\u00bbauto\u00a0\u00bb mobile_height=\u00a0\u00bbmhdesktop\u00a0\u00bb][vc_column_text width=\u00a0\u00bb940px\u00a0\u00bb drop_cap=\u00a0\u00bb\u00a0\u00bb mobile_align=\u00a0\u00bbauto\u00a0\u00bb align=\u00a0\u00bbcenter\u00a0\u00bb] Le verre en mouvement Int\u00e9grer l\u2019allure intemporelle des panneaux de verre \u00e0 votre d\u00e9cor n\u2019aura jamais \u00e9t\u00e9 aussi simple. Gr\u00e2ce \u00e0 des rails de qualit\u00e9 sup\u00e9rieure au&hellip;<\/p>\n","protected":false},"author":2,"featured_media":0,"parent":0,"menu_order":0,"comment_status":"closed","ping_status":"closed","template":"","meta":{"_monsterinsights_skip_tracking":false,"_monsterinsights_sitenote_active":false,"_monsterinsights_sitenote_note":"","_monsterinsights_sitenote_category":0},"_links":{"self":[{"href":"https:\/\/trulitehardware.com\/index.php\/wp-json\/wp\/v2\/pages\/1841\/?lang=fr"}],"collection":[{"href":"https:\/\/trulitehardware.com\/index.php\/wp-json\/wp\/v2\/pages\/?lang=fr"}],"about":[{"href":"https:\/\/trulitehardware.com\/index.php\/wp-json\/wp\/v2\/types\/page\/?lang=fr"}],"author":[{"embeddable":true,"href":"https:\/\/trulitehardware.com\/index.php\/wp-json\/wp\/v2\/users\/2\/?lang=fr"}],"replies":[{"embeddable":true,"href":"https:\/\/trulitehardware.com\/index.php\/wp-json\/wp\/v2\/comments\/?lang=fr&post=1841"}],"version-history":[{"count":10,"href":"https:\/\/trulitehardware.com\/index.php\/wp-json\/wp\/v2\/pages\/1841\/revisions\/?lang=fr"}],"predecessor-version":[{"id":1986,"href":"https:\/\/trulitehardware.com\/index.php\/wp-json\/wp\/v2\/pages\/1841\/revisions\/1986\/?lang=fr"}],"wp:attachment":[{"href":"https:\/\/trulitehardware.com\/index.php\/wp-json\/wp\/v2\/media\/?lang=fr&parent=1841"}],"curies":[{"name":"wp","href":"https:\/\/api.w.org\/{rel}","templated":true}]}}