{"id":1804,"date":"2020-12-24T00:45:02","date_gmt":"2020-12-24T00:45:02","guid":{"rendered":"https:\/\/trulitehardware.com\/?page_id=1804"},"modified":"2021-04-28T01:36:41","modified_gmt":"2021-04-28T01:36:41","slug":"la-gamme-revolution","status":"publish","type":"page","link":"https:\/\/trulitehardware.com\/index.php\/la-gamme-revolution\/?lang=fr","title":{"rendered":"La gamme r\u00e9volution"},"content":{"rendered":"[vc_row full_width=\u00a0\u00bbstretch_row_content_no_spaces\u00a0\u00bb css=\u00a0\u00bb.vc_custom_1610485824415{padding-top: 40px !important;background-color: #fffcfc !important;}\u00a0\u00bb][vc_column height=\u00a0\u00bbauto\u00a0\u00bb mobile_height=\u00a0\u00bbmhdesktop\u00a0\u00bb][vc_column_text width=\u00a0\u00bb940px\u00a0\u00bb drop_cap=\u00a0\u00bb\u00a0\u00bb mobile_align=\u00a0\u00bbauto\u00a0\u00bb align=\u00a0\u00bbcenter\u00a0\u00bb]\n<h1 style=\"text-align: center;\"><span style=\"color: #3366ff;\">Conception unique et \u00e9purer<\/span><\/h1>\n<p style=\"text-align: center;\"><span style=\"font-size: 21px;\">La Gamme R\u00e9volution propose elle aussi un syst\u00e8me de grande qualit\u00e9 et ultra silencieux, avec la diff\u00e9rence que celui-ci est presque enti\u00e8rement en verre. Il permet un agencement harmonieux aux panneaux de vitre, pour un effet de transparence et un raffinement in\u00e9gal\u00e9. Le verre peut ainsi s\u2019illustrer de multiples fa\u00e7ons et dans toutes les pi\u00e8ces comme la Gamme Hydro-R\u00e9volution, mais dans un style des plus \u00e9pur\u00e9s. Le syst\u00e8me est offert dans toutes les dimensions standard. Il peut \u00e9galement \u00eatre command\u00e9 sur mesure selon le design et les dimensions recherch\u00e9es.<\/span><\/p>\n[\/vc_column_text][vc_column_text width=\u00a0\u00bb940px\u00a0\u00bb drop_cap=\u00a0\u00bb\u00a0\u00bb mobile_align=\u00a0\u00bbauto\u00a0\u00bb align=\u00a0\u00bbcenter\u00a0\u00bb css=\u00a0\u00bb.vc_custom_1610486102508{margin-top: 50px !important;margin-bottom: 50px !important;padding-top: 50px !important;padding-bottom: 50px !important;}\u00a0\u00bb]\n<ul>\n<li style=\"text-align: left;\">Con\u00e7u pour supporter des portes de verre tremp\u00e9 de a po (10mm) \u00e0 w po (19 mm) et d\u2019une charge maximale de 250 livres<\/li>\n<li style=\"text-align: left;\">Rail en verre<\/li>\n<li style=\"text-align: left;\">Roulettes et support en laiton<\/li>\n<li style=\"text-align: left;\">Plusieurs finis et textures de verres offerts<\/li>\n<li style=\"text-align: left;\">Syst\u00e8me de roulement brevet\u00e9<\/li>\n<li style=\"text-align: left;\">Facile et rapide d\u2019installation<\/li>\n<\/ul>\n<p>&nbsp;<\/p>\n[\/vc_column_text][vc_single_image image=\u00a0\u00bb1831&Prime;][\/vc_column][\/vc_row][vc_row full_width=\u00a0\u00bbstretch_row\u00a0\u00bb][vc_column height=\u00a0\u00bbauto\u00a0\u00bb mobile_height=\u00a0\u00bbmhdesktop\u00a0\u00bb][vc_column_text drop_cap=\u00a0\u00bb\u00a0\u00bb mobile_align=\u00a0\u00bbauto\u00a0\u00bb]\n<h1 style=\"text-align: center;\">finitions<\/h1>\n[\/vc_column_text][vc_single_image image=\u00a0\u00bb1940&Prime;][\/vc_column][\/vc_row][vc_row center_row=\u00a0\u00bbyes\u00a0\u00bb el_id=\u00a0\u00bbflat-services\u00a0\u00bb css=\u00a0\u00bb.vc_custom_1605048271229{padding-top: 0px !important;padding-bottom: 20px !important;}\u00a0\u00bb][vc_column height=\u00a0\u00bbauto\u00a0\u00bb mobile_height=\u00a0\u00bbmhdesktop\u00a0\u00bb width=\u00a0\u00bb1\/3&Prime;]<div class=\"vcex-module vcex-icon-box vcex-icon-box-two wpex-relative wpex-text-center\"><div class=\"vcex-icon-box-symbol wpex-mb-20\"><img loading=\"lazy\" class=\"vcex-icon-box-image wpex-align-middle\" src=\"https:\/\/trulitehardware.com\/wp-content\/uploads\/2020\/11\/tru2019-01_brochure_ss_patch-rond_final_01-scaled.jpg\" alt=\"\" width=\"2560\" height=\"2560\" \/><\/div><div class=\"vcex-icon-box-text\"><h2 class=\"vcex-icon-box-heading wpex-heading wpex-text-md wpex-mb-10\">Support Rond<\/h2><div class=\"vcex-icon-box-content wpex-last-mb-0 wpex-clr\"><p>sert \u00e0 faire tenir le verre de c\u00f4t\u00e9 avec les barres. Il est de la m\u00eame dimension que les roulettes pour uniformiser l\u2019apparence.<\/p>\n<\/div><\/div><\/div>[\/vc_column][vc_column height=\u00a0\u00bbauto\u00a0\u00bb mobile_height=\u00a0\u00bbmhdesktop\u00a0\u00bb width=\u00a0\u00bb1\/3&Prime;]<div class=\"vcex-module vcex-icon-box vcex-icon-box-two wpex-relative wpex-text-center\"><div class=\"vcex-icon-box-symbol wpex-mb-20\"><img loading=\"lazy\" class=\"vcex-icon-box-image wpex-align-middle\" src=\"https:\/\/trulitehardware.com\/wp-content\/uploads\/2020\/11\/tru2019-01_brochure_ss_roulette_final_011-1-scaled.jpg\" alt=\"\" width=\"2560\" height=\"2560\" \/><\/div><div class=\"vcex-icon-box-text\"><h2 class=\"vcex-icon-box-heading wpex-heading wpex-text-md wpex-mb-10\">Roulette<\/h2><div class=\"vcex-icon-box-content wpex-last-mb-0 wpex-clr\"><p>Le roulement \u00e0 lui seul a \u00e9t\u00e9 test\u00e9 50.000 fois ouverture et fermeture sur une p\u00e9riode de 1 mois sans qu\u2019il ne soit affect\u00e9. Ceci est l\u2019\u00e9quivalent de prendre sa douche une fois par jour pendant 25 ans!. Test\u00e9 en laboratoire par des ing\u00e9nieurs ind\u00e9pendants et membres du groupe CLEB1.<\/p>\n<\/div><\/div><\/div>[\/vc_column][vc_column height=\u00a0\u00bbauto\u00a0\u00bb mobile_height=\u00a0\u00bbmhdesktop\u00a0\u00bb width=\u00a0\u00bb1\/3&Prime;]<div class=\"vcex-module vcex-icon-box vcex-icon-box-two wpex-relative wpex-text-center\"><div class=\"vcex-icon-box-symbol wpex-mb-20\"><img loading=\"lazy\" class=\"vcex-icon-box-image wpex-align-middle\" src=\"https:\/\/trulitehardware.com\/wp-content\/uploads\/2020\/11\/tru2019-01_brochure_ss_guide_final_01-scaled.jpg\" alt=\"\" width=\"2560\" height=\"2560\" \/><\/div><div class=\"vcex-icon-box-text\"><h2 class=\"vcex-icon-box-heading wpex-heading wpex-text-md wpex-mb-10\">Guide<\/h2><div class=\"vcex-icon-box-content wpex-last-mb-0 wpex-clr\"><p>discret et efficace, le guide s\u2019assure de garder la porte droite.<\/p>\n<\/div><\/div><\/div>[\/vc_column][\/vc_row][vc_row full_width=\u00a0\u00bbstretch_row\u00a0\u00bb content_placement=\u00a0\u00bbbottom\u00a0\u00bb css=\u00a0\u00bb.vc_custom_1605048456528{padding-top: 40px !important;background-color: #f1f1f4 !important;}\u00a0\u00bb][vc_column height=\u00a0\u00bbauto\u00a0\u00bb mobile_height=\u00a0\u00bbmhdesktop\u00a0\u00bb]<div class=\"textcenter theme-button-wrap wpex-clr\"><a href=\"https:\/\/trulitehardware.com\/wp-content\/uploads\/2020\/12\/Trulite_Cat-FR-EN.pdf\" class=\"vcex-button theme-button flat blue align-center inline\"><span class=\"theme-button-inner\">Regarder notre brochure <\/span><\/a><\/div> [\/vc_column][\/vc_row][vc_row full_width=\u00a0\u00bbstretch_row\u00a0\u00bb content_placement=\u00a0\u00bbbottom\u00a0\u00bb css=\u00a0\u00bb.vc_custom_1605048465512{padding-top: 0px !important;background-color: #f1f1f4 !important;}\u00a0\u00bb][vc_column height=\u00a0\u00bbauto\u00a0\u00bb mobile_height=\u00a0\u00bbmhdesktop\u00a0\u00bb width=\u00a0\u00bb1\/2&Prime;][vc_column_text drop_cap=\u00a0\u00bb\u00a0\u00bb mobile_align=\u00a0\u00bbauto\u00a0\u00bb]\n<h2 class=\"x-el x-el-h2 c1-54 c1-2l c1-1h c1-1i c1-5r c1-26 c1-25 c1-11 c1-v c1-4a c1-3k c1-b c1-2p c1-1q c1-2q\" style=\"text-align: center;\" role=\"heading\" aria-level=\"2\" data-ux=\"SectionHeading\" data-aid=\"CONTENT_SECTION_TITLE_RENDERED\" data-route=\"sectionTitle\" data-typography=\"HeadingBeta\" data-field-path=\"properties.sectionTitle\" data-field-kind=\"Text\"><span class=\"\" data-ux=\"Element\">Configurations<\/span><\/h2>\n[\/vc_column_text][vc_single_image image=\u00a0\u00bb1617&Prime;]<div class=\"theme-button-expanded-wrap theme-button-wrap wpex-clr\"><a href=\"https:\/\/trulitehardware.com\/index.php\/revolution-pdfs\/?lang=fr\" title=\"Learn More\" class=\"vcex-button theme-button flat blue align-left expanded expanded\" target=\"_blank\" style=\"font-size:16px;font-weight:400;\" rel=\"none noopener noreferrer\" data-wpex-hover='{&quot;background&quot;:&quot;#252d3b&quot;}'><span class=\"theme-button-inner\">Consultez nos diff\u00e9rentes configurations<\/span><\/a><\/div> [\/vc_column][vc_column height=\u00a0\u00bbauto\u00a0\u00bb mobile_height=\u00a0\u00bbmhdesktop\u00a0\u00bb width=\u00a0\u00bb1\/2&Prime;][vc_column_text drop_cap=\u00a0\u00bb\u00a0\u00bb mobile_align=\u00a0\u00bbauto\u00a0\u00bb]\n<h2 class=\"x-el x-el-h2 c1-54 c1-2l c1-1h c1-1i c1-5r c1-26 c1-25 c1-11 c1-v c1-4a c1-3k c1-b c1-2p c1-1q c1-2q\" style=\"text-align: center;\" role=\"heading\" aria-level=\"2\" data-ux=\"SectionHeading\" data-aid=\"CONTENT_SECTION_TITLE_RENDERED\" data-route=\"sectionTitle\" data-typography=\"HeadingBeta\" data-field-path=\"properties.sectionTitle\" data-field-kind=\"Text\"><span class=\"\" data-ux=\"Element\">Installation<\/span><\/h2>\n[\/vc_column_text][vc_single_image image=\u00a0\u00bb1704&Prime;]<div class=\"theme-button-expanded-wrap theme-button-wrap wpex-clr\"><a href=\"https:\/\/trulitehardware.com\/wp-content\/uploads\/2020\/11\/Installation-Guide.pdf\" title=\"Learn More\" class=\"vcex-button theme-button flat blue align-left expanded expanded\" target=\"_blank\" style=\"font-size:16px;font-weight:400;\" rel=\"none noopener noreferrer\" data-wpex-hover='{&quot;background&quot;:&quot;#252d3b&quot;}'><span class=\"theme-button-inner\">Consultez notre guide d&rsquo;installation<\/span><\/a><\/div> [\/vc_column][\/vc_row]\n","protected":false},"excerpt":{"rendered":"<p>[vc_row full_width=\u00a0\u00bbstretch_row_content_no_spaces\u00a0\u00bb css=\u00a0\u00bb.vc_custom_1610485824415{padding-top: 40px !important;background-color: #fffcfc !important;}\u00a0\u00bb][vc_column height=\u00a0\u00bbauto\u00a0\u00bb mobile_height=\u00a0\u00bbmhdesktop\u00a0\u00bb][vc_column_text width=\u00a0\u00bb940px\u00a0\u00bb drop_cap=\u00a0\u00bb\u00a0\u00bb mobile_align=\u00a0\u00bbauto\u00a0\u00bb align=\u00a0\u00bbcenter\u00a0\u00bb] Conception unique et \u00e9purer La Gamme R\u00e9volution propose elle aussi un syst\u00e8me de grande qualit\u00e9 et ultra silencieux, avec la diff\u00e9rence que celui-ci est presque enti\u00e8rement en&hellip;<\/p>\n","protected":false},"author":2,"featured_media":0,"parent":0,"menu_order":0,"comment_status":"closed","ping_status":"closed","template":"","meta":{"_monsterinsights_skip_tracking":false,"_monsterinsights_sitenote_active":false,"_monsterinsights_sitenote_note":"","_monsterinsights_sitenote_category":0},"_links":{"self":[{"href":"https:\/\/trulitehardware.com\/index.php\/wp-json\/wp\/v2\/pages\/1804\/?lang=fr"}],"collection":[{"href":"https:\/\/trulitehardware.com\/index.php\/wp-json\/wp\/v2\/pages\/?lang=fr"}],"about":[{"href":"https:\/\/trulitehardware.com\/index.php\/wp-json\/wp\/v2\/types\/page\/?lang=fr"}],"author":[{"embeddable":true,"href":"https:\/\/trulitehardware.com\/index.php\/wp-json\/wp\/v2\/users\/2\/?lang=fr"}],"replies":[{"embeddable":true,"href":"https:\/\/trulitehardware.com\/index.php\/wp-json\/wp\/v2\/comments\/?lang=fr&post=1804"}],"version-history":[{"count":10,"href":"https:\/\/trulitehardware.com\/index.php\/wp-json\/wp\/v2\/pages\/1804\/revisions\/?lang=fr"}],"predecessor-version":[{"id":1992,"href":"https:\/\/trulitehardware.com\/index.php\/wp-json\/wp\/v2\/pages\/1804\/revisions\/1992\/?lang=fr"}],"wp:attachment":[{"href":"https:\/\/trulitehardware.com\/index.php\/wp-json\/wp\/v2\/media\/?lang=fr&parent=1804"}],"curies":[{"name":"wp","href":"https:\/\/api.w.org\/{rel}","templated":true}]}}